{"id":1343,"date":"2018-06-26T05:21:35","date_gmt":"2018-06-26T07:21:35","guid":{"rendered":"http:\/\/lab1.gix.lt\/?page_id=1343"},"modified":"2025-02-14T12:17:37","modified_gmt":"2025-02-14T14:17:37","slug":"dokumentines-formos-tyrimu-uzsakymams","status":"publish","type":"page","link":"https:\/\/www.ntlaboratorija.lt\/en\/dokumentines-formos-tyrimu-uzsakymams\/","title":{"rendered":"(Lietuvi\u0173) Dokumentin\u0117s formos tyrim\u0173 u\u017esakymams"},"content":{"rendered":"<p class=\"qtranxs-available-languages-message qtranxs-available-languages-message-en\">Sorry, this entry is only available in <a href=\"https:\/\/www.ntlaboratorija.lt\/lt\/wp-json\/wp\/v2\/pages\/1343\" class=\"qtranxs-available-language-link qtranxs-available-language-link-lt\" title=\"Lietuvi\u0173\">Lithuanian<\/a>.<\/p>","protected":false},"excerpt":{"rendered":"<p>Sorry, this entry is only available in Lithuanian.<\/p>\n","protected":false},"author":1,"featured_media":0,"parent":0,"menu_order":0,"comment_status":"closed","ping_status":"closed","template":"","meta":{"footnotes":""},"_links":{"self":[{"href":"https:\/\/www.ntlaboratorija.lt\/en\/wp-json\/wp\/v2\/pages\/1343"}],"collection":[{"href":"https:\/\/www.ntlaboratorija.lt\/en\/wp-json\/wp\/v2\/pages"}],"about":[{"href":"https:\/\/www.ntlaboratorija.lt\/en\/wp-json\/wp\/v2\/types\/page"}],"author":[{"embeddable":true,"href":"https:\/\/www.ntlaboratorija.lt\/en\/wp-json\/wp\/v2\/users\/1"}],"replies":[{"embeddable":true,"href":"https:\/\/www.ntlaboratorija.lt\/en\/wp-json\/wp\/v2\/comments?post=1343"}],"version-history":[{"count":10,"href":"https:\/\/www.ntlaboratorija.lt\/en\/wp-json\/wp\/v2\/pages\/1343\/revisions"}],"predecessor-version":[{"id":1538,"href":"https:\/\/www.ntlaboratorija.lt\/en\/wp-json\/wp\/v2\/pages\/1343\/revisions\/1538"}],"wp:attachment":[{"href":"https:\/\/www.ntlaboratorija.lt\/en\/wp-json\/wp\/v2\/media?parent=1343"}],"curies":[{"name":"wp","href":"https:\/\/api.w.org\/{rel}","templated":true}]}}