{"id":1525,"date":"2025-02-14T12:10:37","date_gmt":"2025-02-14T14:10:37","guid":{"rendered":"https:\/\/www.ntlaboratorija.lt\/?page_id=1525"},"modified":"2025-02-14T12:10:37","modified_gmt":"2025-02-14T14:10:37","slug":"fizikiniai-cheminiai-geriamo-ir-pavirsinio-vandens-nuoteku-tyrimai","status":"publish","type":"page","link":"https:\/\/www.ntlaboratorija.lt\/en\/fizikiniai-cheminiai-geriamo-ir-pavirsinio-vandens-nuoteku-tyrimai\/","title":{"rendered":"(Lietuvi\u0173) Fizikiniai- cheminiai geriamo ir pavir\u0161inio vandens, nuotek\u0173 tyrimai"},"content":{"rendered":"<p class=\"qtranxs-available-languages-message qtranxs-available-languages-message-en\">Sorry, this entry is only available in <a href=\"https:\/\/www.ntlaboratorija.lt\/lt\/wp-json\/wp\/v2\/pages\/1525\" class=\"qtranxs-available-language-link qtranxs-available-language-link-lt\" title=\"Lietuvi\u0173\">Lithuanian<\/a>.<\/p>","protected":false},"excerpt":{"rendered":"<p>Sorry, this entry is only available in Lithuanian.<\/p>\n","protected":false},"author":1,"featured_media":0,"parent":0,"menu_order":0,"comment_status":"closed","ping_status":"closed","template":"","meta":{"footnotes":""},"_links":{"self":[{"href":"https:\/\/www.ntlaboratorija.lt\/en\/wp-json\/wp\/v2\/pages\/1525"}],"collection":[{"href":"https:\/\/www.ntlaboratorija.lt\/en\/wp-json\/wp\/v2\/pages"}],"about":[{"href":"https:\/\/www.ntlaboratorija.lt\/en\/wp-json\/wp\/v2\/types\/page"}],"author":[{"embeddable":true,"href":"https:\/\/www.ntlaboratorija.lt\/en\/wp-json\/wp\/v2\/users\/1"}],"replies":[{"embeddable":true,"href":"https:\/\/www.ntlaboratorija.lt\/en\/wp-json\/wp\/v2\/comments?post=1525"}],"version-history":[{"count":1,"href":"https:\/\/www.ntlaboratorija.lt\/en\/wp-json\/wp\/v2\/pages\/1525\/revisions"}],"predecessor-version":[{"id":1526,"href":"https:\/\/www.ntlaboratorija.lt\/en\/wp-json\/wp\/v2\/pages\/1525\/revisions\/1526"}],"wp:attachment":[{"href":"https:\/\/www.ntlaboratorija.lt\/en\/wp-json\/wp\/v2\/media?parent=1525"}],"curies":[{"name":"wp","href":"https:\/\/api.w.org\/{rel}","templated":true}]}}