{"id":699,"date":"2016-04-26T08:58:38","date_gmt":"2016-04-26T07:58:38","guid":{"rendered":"https:\/\/the7.io\/medical\/?page_id=2"},"modified":"2025-12-10T09:01:17","modified_gmt":"2025-12-10T11:01:17","slug":"home","status":"publish","type":"page","link":"https:\/\/www.ntlaboratorija.lt\/en\/","title":{"rendered":"Home"},"content":{"rendered":"<div class=\"wpb-content-wrapper\"><p>[vc_row][vc_column][vc_column_text][\/vc_column_text][\/vc_column][\/vc_row][vc_row][vc_column][vc_column_text][\/vc_column_text][\/vc_column][\/vc_row][vc_row][vc_column][vc_column_text][\/vc_column_text][\/vc_column][\/vc_row][vc_row][vc_column][vc_column_text][\/vc_column_text][\/vc_column][\/vc_row][vc_row][vc_column][vc_column_text][\/vc_column_text][\/vc_column][\/vc_row][vc_row gap=&#8221;30&#8243; equal_height=&#8221;yes&#8221; bg_type=&#8221;bg_color&#8221; bg_override=&#8221;ex-full&#8221; type=&#8221;vc_default&#8221; css=&#8221;.vc_custom_1494490890104{margin-top: -80px !important;padding-top: 60px !important;padding-right: 25px !important;padding-bottom: 80px !important;padding-left: 25px !important;}&#8221; bg_color_value=&#8221;#f4f4f4&#8243;][vc_column width=&#8221;2\/3&#8243; offset=&#8221;vc_col-lg-offset-2 vc_col-md-offset-2 vc_col-sm-offset-2&#8243;][vc_row_inner][vc_column_inner width=&#8221;1\/4&#8243;][vc_single_image image=&#8221;1492&#8243; img_size=&#8221;large&#8221; alignment=&#8221;center&#8221; onclick=&#8221;custom_link&#8221; link=&#8221;https:\/\/www.ntlaboratorija.lt\/wp-content\/uploads\/2024\/09\/Leidimas_2024-08-21.pdf&#8221;][\/vc_column_inner][vc_column_inner width=&#8221;1\/4&#8243;][vc_single_image image=&#8221;1548&#8243; img_size=&#8221;large&#8221; alignment=&#8221;center&#8221; onclick=&#8221;custom_link&#8221; link=&#8221;https:\/\/www.ntlaboratorija.lt\/wp-content\/uploads\/2025\/08\/NAB-pazymejimas.pdf&#8221;][vc_single_image image=&#8221;1548&#8243; img_size=&#8221;large&#8221; alignment=&#8221;center&#8221; onclick=&#8221;custom_link&#8221; link=&#8221;https:\/\/www.ntlaboratorija.lt\/wp-content\/uploads\/2025\/08\/NAB-Accreditation-Certificate-and-Scope-LA.01.148.pdf&#8221;][\/vc_column_inner][vc_column_inner width=&#8221;1\/4&#8243;][vc_single_image image=&#8221;1495&#8243; img_size=&#8221;large&#8221; alignment=&#8221;center&#8221; onclick=&#8221;custom_link&#8221; link=&#8221;https:\/\/www.ntlaboratorija.lt\/wp-content\/uploads\/2024\/09\/Leidimo-priedas_2024-08-21.pdf&#8221;][vc_single_image image=&#8221;1549&#8243; img_size=&#8221;large&#8221; alignment=&#8221;center&#8221; onclick=&#8221;custom_link&#8221; link=&#8221;https:\/\/www.ntlaboratorija.lt\/wp-content\/uploads\/2025\/08\/0926_250828090929_001.pdf&#8221;][\/vc_column_inner][vc_column_inner width=&#8221;1\/4&#8243;][vc_single_image image=&#8221;1477&#8243; img_size=&#8221;large&#8221; alignment=&#8221;center&#8221; onclick=&#8221;link_image&#8221;][\/vc_column_inner][\/vc_row_inner]<style type=\"text\/css\" data-type=\"the7_shortcodes-inline-css\">#default-btn-fc36a0f4b459718df4715b4c9ff513c1.ico-right-side > i {\n  margin-right: 0px;\n  margin-left: 8px;\n}\n#default-btn-fc36a0f4b459718df4715b4c9ff513c1 > i {\n  margin-right: 8px;\n}\n<\/style><div class=\"btn-align-center\"><a href=\"https:\/\/www.ntlaboratorija.lt\/wp-content\/uploads\/2025\/12\/2236_251210102452_001_page-0001-1.pdf\" class=\"default-btn-shortcode dt-btn dt-btn-l link-hover-off \" target=\"_blank\" id=\"default-btn-fc36a0f4b459718df4715b4c9ff513c1\" rel=\"noopener\"><i class=\"far fa-file-pdf\"><\/i><span>Aktuali akreditavimo sritis (si\u0173stis pdf)<\/span><\/a><\/div>[\/vc_column][\/vc_row][vc_row type=&#8221;vc_default&#8221; css=&#8221;.vc_custom_1461851167541{padding-top: 80px !important;padding-bottom: 80px !important;}&#8221;][vc_column width=&#8221;2\/3&#8243; offset=&#8221;vc_col-lg-offset-2 vc_col-md-offset-2 vc_col-sm-offset-2&#8243;]<div id=\"ultimate-heading-210869eb765c7f647\" class=\"uvc-heading ult-adjust-bottom-margin ultimate-heading-210869eb765c7f647 uvc-2824  uvc-heading-default-font-sizes\" data-hspacer=\"no_spacer\"  data-halign=\"center\" style=\"text-align:center\"><div class=\"uvc-heading-spacer no_spacer\" style=\"top\"><\/div><div class=\"uvc-main-heading ult-responsive\"  data-ultimate-target='.uvc-heading.ultimate-heading-210869eb765c7f647 h1'  data-responsive-json-new='{\"font-size\":\"\",\"line-height\":\"\"}' ><h1 style=\"font-weight:bold;\">Mes nepriklausoma tyrim\u0173 labaratorija<\/h1><\/div><div class=\"uvc-sub-heading ult-responsive\"  data-ultimate-target='.uvc-heading.ultimate-heading-210869eb765c7f647 .uvc-sub-heading '  data-responsive-json-new='{\"font-size\":\"desktop:18px;\",\"line-height\":\"desktop:30px;\"}'  style=\"font-weight:normal;color:#9a9a9a;margin-top:20px;margin-bottom:20px;\">Tai moderni ir novatori\u0161ka laboratorija, turinti savit\u0105 vadybos stili\u0173. Nuo 2006- 11- 25 akredituota Vokietijos akreditacijos biuro DAkkS (Die Deutsche Akkreditierungsstelle).<\/p>\n<p>Nuo 2011 05 03 atestuota Aplinkos apsaugos agent\u016bros atlikti tar\u0161os \u0161altini\u0173 i\u0161metam\u0173 \u012f aplink\u0105 ter\u0161al\u0173 ir ter\u0161al\u0173 aplinkos elementuose matavimus ir tyrimus<\/p>\n<p>2015-09-29 &#8211; Nacionalinio akreditacijos biuro prie \u016akio ministerijos.<\/div><\/div>[\/vc_column][vc_column]<div class=\"dt-shortcode with-isotope\"><div class=\"wf-container dt-blog-shortcode resize-by-browser-width loading-effect-none iso-grid description-under-image content-align-left\" data-padding=\"25px\" data-cur-page=\"1\" data-posts-per-page=\"-1\" data-desktop-columns-num=\"3\" data-v-tablet-columns-num=\"3\" data-h-tablet-columns-num=\"3\" data-phone-columns-num=\"1\" data-width=\"370px\" data-columns=\"3\">\n<div class=\"wf-cell\" data-post-id=\"1429\" data-date=\"2020-11-20T12:49:46+00:00\" data-name=\"Kvie\u010diame i\u0161sitirti geriam\u0105 vanden\u012f\">\n\t<article class=\"post post-1429 type-post status-publish format-standard has-post-thumbnail hentry category-be-kategorijos category-1 description-off\">\n\n\t\t\n\t\t\t<div class=\"blog-media wf-td\">\n\n\t\t\t\t<p><a href=\"https:\/\/www.ntlaboratorija.lt\/en\/2020\/11\/20\/kvieciame-issitirti-geriama-vandeni\/\" class=\"alignnone rollover layzr-bg\" ><img fetchpriority=\"high\" decoding=\"async\" class=\"preload-me iso-lazy-load aspect\" src=\"data:image\/svg+xml,%3Csvg%20xmlns%3D&#39;http%3A%2F%2Fwww.w3.org%2F2000%2Fsvg&#39;%20viewBox%3D&#39;0%200%20555%20392&#39;%2F%3E\" data-src=\"https:\/\/www.ntlaboratorija.lt\/wp-content\/uploads\/2020\/11\/pieninkyst\u0117s-laikra\u0161\u010diui-straipsnis-01-1-555x392.jpg\" data-srcset=\"https:\/\/www.ntlaboratorija.lt\/wp-content\/uploads\/2020\/11\/pieninkyst\u0117s-laikra\u0161\u010diui-straipsnis-01-1-555x392.jpg 555w, https:\/\/www.ntlaboratorija.lt\/wp-content\/uploads\/2020\/11\/pieninkyst\u0117s-laikra\u0161\u010diui-straipsnis-01-1-1110x784.jpg 1110w\" loading=\"eager\" style=\"--ratio: 555 \/ 392\" sizes=\"(max-width: 555px) 100vw, 555px\" alt=\"\" title=\"pieninkyst\u0117s laikra\u0161\u010diui straipsnis-01\" width=\"555\" height=\"392\"  \/><\/a><\/p>\n\t\t\t<\/div>\n\n\t\t\n\t\t<div class=\"blog-content wf-td\">\n\t\t\t<h3 class=\"entry-title\"><a href=\"https:\/\/www.ntlaboratorija.lt\/en\/2020\/11\/20\/kvieciame-issitirti-geriama-vandeni\/\" title=\"Kvie\u010diame i\u0161sitirti geriam\u0105 vanden\u012f\" rel=\"bookmark\">Kvie\u010diame i\u0161sitirti geriam\u0105 vanden\u012f<\/a><\/h3>\n\n\t\t\t\n<a href=\"https:\/\/www.ntlaboratorija.lt\/en\/2020\/11\/20\/kvieciame-issitirti-geriama-vandeni\/\" class=\"details more-link\" aria-label=\"Read more about Kvie\u010diame i\u0161sitirti geriam\u0105 vanden\u012f\">Details<\/a>\n\n\t\t<\/div>\n\n\t<\/article>\n\n<\/div>\n<div class=\"wf-cell\" data-post-id=\"1377\" data-date=\"2018-07-09T06:58:53+00:00\" data-name=\"(Lietuvi\u0173) Statyb\u0173 u\u017ebaigimas \u2013 tik \u012fvertinus vandens kokyb\u0119\">\n\t<article class=\"post post-1377 type-post status-publish format-standard has-post-thumbnail hentry category-be-kategorijos category-1 description-off\">\n\n\t\t\n\t\t\t<div class=\"blog-media wf-td\">\n\n\t\t\t\t<p><a href=\"https:\/\/www.ntlaboratorija.lt\/en\/2018\/07\/09\/statybu-uzbaigimas-tik-ivertinus-vandens-kokybenuo-2017-m-sausio-1-d-isigaliojo-naujas-statybos-techninis-reglamentas-str-1-05-012017-statyba-leidziantys-dokumentai-statybos-uzb\/\" class=\"alignnone rollover layzr-bg\" ><img decoding=\"async\" class=\"preload-me iso-lazy-load aspect\" src=\"data:image\/svg+xml,%3Csvg%20xmlns%3D&#39;http%3A%2F%2Fwww.w3.org%2F2000%2Fsvg&#39;%20viewBox%3D&#39;0%200%20400%20264&#39;%2F%3E\" data-src=\"https:\/\/www.ntlaboratorija.lt\/wp-content\/uploads\/2018\/07\/lab5656.jpg\" data-srcset=\"https:\/\/www.ntlaboratorija.lt\/wp-content\/uploads\/2018\/07\/lab5656.jpg 400w\" loading=\"eager\" style=\"--ratio: 400 \/ 264\" sizes=\"(max-width: 400px) 100vw, 400px\" alt=\"\" title=\"lab5656\" width=\"400\" height=\"264\"  \/><\/a><\/p>\n\t\t\t<\/div>\n\n\t\t\n\t\t<div class=\"blog-content wf-td\">\n\t\t\t<h3 class=\"entry-title\"><a href=\"https:\/\/www.ntlaboratorija.lt\/en\/2018\/07\/09\/statybu-uzbaigimas-tik-ivertinus-vandens-kokybenuo-2017-m-sausio-1-d-isigaliojo-naujas-statybos-techninis-reglamentas-str-1-05-012017-statyba-leidziantys-dokumentai-statybos-uzb\/\" title=\"(Lietuvi\u0173) Statyb\u0173 u\u017ebaigimas \u2013 tik \u012fvertinus vandens kokyb\u0119\" rel=\"bookmark\">(Lietuvi\u0173) Statyb\u0173 u\u017ebaigimas \u2013 tik \u012fvertinus vandens kokyb\u0119<\/a><\/h3>\n\n\t\t\t\n<a href=\"https:\/\/www.ntlaboratorija.lt\/en\/2018\/07\/09\/statybu-uzbaigimas-tik-ivertinus-vandens-kokybenuo-2017-m-sausio-1-d-isigaliojo-naujas-statybos-techninis-reglamentas-str-1-05-012017-statyba-leidziantys-dokumentai-statybos-uzb\/\" class=\"details more-link\" aria-label=\"Read more about (Lietuvi\u0173) Statyb\u0173 u\u017ebaigimas \u2013 tik \u012fvertinus vandens kokyb\u0119\">Details<\/a>\n\n\t\t<\/div>\n\n\t<\/article>\n\n<\/div><\/div><\/div>[\/vc_column][\/vc_row][vc_row][vc_column][vc_single_image image=&#8221;1493&#8243; img_size=&#8221;large&#8221; alignment=&#8221;center&#8221;][\/vc_column][\/vc_row][vc_row][vc_column][vc_column_text][\/vc_column_text][\/vc_column][\/vc_row][vc_row][vc_column][vc_column_text][\/vc_column_text][\/vc_column][\/vc_row][vc_row][vc_column][vc_column_text][\/vc_column_text][\/vc_column][\/vc_row][vc_row][vc_column][vc_column_text][\/vc_column_text][\/vc_column][\/vc_row][vc_row][vc_column][vc_column_text][\/vc_column_text][\/vc_column][\/vc_row]<\/p>\n<\/div>","protected":false},"excerpt":{"rendered":"<p>[vc_row][vc_column][vc_column_text][\/vc_column_text][\/vc_column][\/vc_row][vc_row][vc_column][vc_column_text][\/vc_column_text][\/vc_column][\/vc_row][vc_row][vc_column][vc_column_text][\/vc_column_text][\/vc_column][\/vc_row][vc_row][vc_column][vc_column_text][\/vc_column_text][\/vc_column][\/vc_row][vc_row][vc_column][vc_column_text][\/vc_column_text][\/vc_column][\/vc_row][vc_row gap=&#8221;30&#8243; equal_height=&#8221;yes&#8221; bg_type=&#8221;bg_color&#8221; bg_override=&#8221;ex-full&#8221; type=&#8221;vc_default&#8221; css=&#8221;.vc_custom_1494490890104{margin-top: -80px !important;padding-top: 60px !important;padding-right: 25px !important;padding-bottom: 80px !important;padding-left: 25px !important;}&#8221; bg_color_value=&#8221;#f4f4f4&#8243;][vc_column width=&#8221;2\/3&#8243; offset=&#8221;vc_col-lg-offset-2 vc_col-md-offset-2 vc_col-sm-offset-2&#8243;][vc_row_inner][vc_column_inner width=&#8221;1\/4&#8243;][vc_single_image image=&#8221;1492&#8243; img_size=&#8221;large&#8221; alignment=&#8221;center&#8221; onclick=&#8221;custom_link&#8221; link=&#8221;https:\/\/www.ntlaboratorija.lt\/wp-content\/uploads\/2024\/09\/Leidimas_2024-08-21.pdf&#8221;][\/vc_column_inner][vc_column_inner width=&#8221;1\/4&#8243;][vc_single_image image=&#8221;1548&#8243; img_size=&#8221;large&#8221; alignment=&#8221;center&#8221; onclick=&#8221;custom_link&#8221; link=&#8221;https:\/\/www.ntlaboratorija.lt\/wp-content\/uploads\/2025\/08\/NAB-pazymejimas.pdf&#8221;][vc_single_image image=&#8221;1548&#8243; img_size=&#8221;large&#8221; alignment=&#8221;center&#8221; onclick=&#8221;custom_link&#8221; link=&#8221;https:\/\/www.ntlaboratorija.lt\/wp-content\/uploads\/2025\/08\/NAB-Accreditation-Certificate-and-Scope-LA.01.148.pdf&#8221;][\/vc_column_inner][vc_column_inner width=&#8221;1\/4&#8243;][vc_single_image image=&#8221;1495&#8243; img_size=&#8221;large&#8221; alignment=&#8221;center&#8221; onclick=&#8221;custom_link&#8221; link=&#8221;https:\/\/www.ntlaboratorija.lt\/wp-content\/uploads\/2024\/09\/Leidimo-priedas_2024-08-21.pdf&#8221;][vc_single_image image=&#8221;1549&#8243; img_size=&#8221;large&#8221; alignment=&#8221;center&#8221; onclick=&#8221;custom_link&#8221; link=&#8221;https:\/\/www.ntlaboratorija.lt\/wp-content\/uploads\/2025\/08\/0926_250828090929_001.pdf&#8221;][\/vc_column_inner][vc_column_inner width=&#8221;1\/4&#8243;][vc_single_image image=&#8221;1477&#8243; img_size=&#8221;large&#8221; alignment=&#8221;center&#8221; onclick=&#8221;link_image&#8221;][\/vc_column_inner][\/vc_row_inner][\/vc_column][\/vc_row][vc_row&hellip;<\/p>\n","protected":false},"author":1,"featured_media":0,"parent":0,"menu_order":0,"comment_status":"closed","ping_status":"closed","template":"","meta":{"footnotes":""},"_links":{"self":[{"href":"https:\/\/www.ntlaboratorija.lt\/en\/wp-json\/wp\/v2\/pages\/699"}],"collection":[{"href":"https:\/\/www.ntlaboratorija.lt\/en\/wp-json\/wp\/v2\/pages"}],"about":[{"href":"https:\/\/www.ntlaboratorija.lt\/en\/wp-json\/wp\/v2\/types\/page"}],"author":[{"embeddable":true,"href":"https:\/\/www.ntlaboratorija.lt\/en\/wp-json\/wp\/v2\/users\/1"}],"replies":[{"embeddable":true,"href":"https:\/\/www.ntlaboratorija.lt\/en\/wp-json\/wp\/v2\/comments?post=699"}],"version-history":[{"count":43,"href":"https:\/\/www.ntlaboratorija.lt\/en\/wp-json\/wp\/v2\/pages\/699\/revisions"}],"predecessor-version":[{"id":1562,"href":"https:\/\/www.ntlaboratorija.lt\/en\/wp-json\/wp\/v2\/pages\/699\/revisions\/1562"}],"wp:attachment":[{"href":"https:\/\/www.ntlaboratorija.lt\/en\/wp-json\/wp\/v2\/media?parent=699"}],"curies":[{"name":"wp","href":"https:\/\/api.w.org\/{rel}","templated":true}]}}